{"id":79,"date":"2024-06-27T13:24:54","date_gmt":"2024-06-27T16:24:54","guid":{"rendered":"https:\/\/pedraolar.com.br\/?page_id=79"},"modified":"2024-09-03T19:48:12","modified_gmt":"2024-09-03T22:48:12","slug":"sobre-nos","status":"publish","type":"page","link":"https:\/\/pedraolar.com.br\/index.php\/sobre-nos\/","title":{"rendered":"Sobre N\u00f3s"},"content":{"rendered":"\t\t<div data-elementor-type=\"wp-page\" data-elementor-id=\"79\" class=\"elementor elementor-79\" data-elementor-post-type=\"page\">\n\t\t\t\t<div class=\"elementor-element elementor-element-7b93a302 e-flex e-con-boxed e-con e-parent\" data-id=\"7b93a302\" data-element_type=\"container\">\n\t\t\t\t\t<div class=\"e-con-inner\">\n\t\t\t\t<div class=\"elementor-element elementor-element-20589564 elementor-widget elementor-widget-text-editor\" data-id=\"20589564\" data-element_type=\"widget\" data-widget_type=\"text-editor.default\">\n\t\t\t\t<div class=\"elementor-widget-container\">\n\t\t\t<style>\/*! elementor - v3.22.0 - 17-06-2024 *\/\n.elementor-widget-text-editor.elementor-drop-cap-view-stacked .elementor-drop-cap{background-color:#69727d;color:#fff}.elementor-widget-text-editor.elementor-drop-cap-view-framed .elementor-drop-cap{color:#69727d;border:3px solid;background-color:transparent}.elementor-widget-text-editor:not(.elementor-drop-cap-view-default) .elementor-drop-cap{margin-top:8px}.elementor-widget-text-editor:not(.elementor-drop-cap-view-default) .elementor-drop-cap-letter{width:1em;height:1em}.elementor-widget-text-editor .elementor-drop-cap{float:left;text-align:center;line-height:1;font-size:50px}.elementor-widget-text-editor .elementor-drop-cap-letter{display:inline-block}<\/style>\t\t\t\t<p><!-- wp:spacer --><\/p>\n<div class=\"wp-block-spacer\" style=\"height: 100px;\" aria-hidden=\"true\">\u00a0<\/div>\n<p><!-- \/wp:spacer --><!-- wp:heading {\"textAlign\":\"center\",\"level\":1} --><\/p>\n<h1 class=\"wp-block-heading has-text-align-center\">HIST\u00d3RIA DO MAIOR BAR UNIVERSIT\u00e1RIO DE CURITIBA<\/h1>\n<p><!-- \/wp:heading --><!-- wp:columns --><\/p>\n<div class=\"wp-block-columns\">\n<p><!-- wp:column {\"width\":\"66.66%\"} --><\/p>\n<div class=\"wp-block-column\" style=\"flex-basis: 66.66%;\">\n<p><!-- wp:heading --><\/p>\n<h2 class=\"wp-block-heading\">ORIGEM<\/h2>\n<p><!-- \/wp:heading --><!-- wp:paragraph --><\/p>\n<p>O Maior Bar Universit\u00e1rio de CWB, que ao longo dos anos sempre trouxe eventos e promo\u00e7\u00f5es inusitadas, tamb\u00e9m come\u00e7ou sua hist\u00f3ria de forma inusitada. Em uma cantina da UFPR, os alunos e alunas da UFPR comentavam como faltava um bar para o pessoal se reunir durante os semestres e organizar as festas das atl\u00e9ticas.<\/p>\n<p>Com essa informa\u00e7\u00e3o em mente, nasceu o Pedr\u00e3o Bar, na verdade Pedr\u00e3o Lounge &amp; Bar nos seus primeiros anos de vida. Come\u00e7ou simples, com algumas mesas e cadeiras, uma caixa de som, poucos produtos no card\u00e1pio, mas desde o primeiro dia sempre cheio.<\/p>\n<p>Os anos foram passando e entre diversas reformas, festas, dificuldades e mem\u00f3rias o bar continuou sempre com o mesmo foco \u2013 Ser o melhor bar, com o melhor ambiente para o universit\u00e1rio. Desde o calouro at\u00e9 o doutorando, os caminhos sempre se cruzam aqui no Pedr\u00e3o Bar, seja p\u00f3s semana de provas, seja nas f\u00e9rias, no happy hour ou no fervo o lugar do universit\u00e1rio \u00e9 aqui<\/p>\n<p><!-- \/wp:paragraph --><\/p>\n<\/div>\n<p><!-- \/wp:column --><!-- wp:column {\"width\":\"33.33%\"} --><\/p>\n<div class=\"wp-block-column\" style=\"flex-basis: 33.33%;\">\n<p><!-- wp:image {\"id\":1117,\"sizeSlug\":\"large\",\"linkDestination\":\"none\"} --><\/p>\n<figure class=\"wp-block-image size-large\"><img fetchpriority=\"high\" decoding=\"async\" width=\"1024\" height=\"683\" class=\"wp-image-1117\" src=\"https:\/\/pedraolar.com.br\/wp-content\/uploads\/2024\/07\/IMG_2141-1024x683.jpg\" alt=\"\" srcset=\"https:\/\/pedraolar.com.br\/wp-content\/uploads\/2024\/07\/IMG_2141-1024x683.jpg 1024w, https:\/\/pedraolar.com.br\/wp-content\/uploads\/2024\/07\/IMG_2141-300x200.jpg 300w, https:\/\/pedraolar.com.br\/wp-content\/uploads\/2024\/07\/IMG_2141-768x512.jpg 768w, https:\/\/pedraolar.com.br\/wp-content\/uploads\/2024\/07\/IMG_2141-1536x1024.jpg 1536w, https:\/\/pedraolar.com.br\/wp-content\/uploads\/2024\/07\/IMG_2141-2048x1365.jpg 2048w\" sizes=\"(max-width: 1024px) 100vw, 1024px\" \/><\/figure>\n<p><!-- \/wp:image --><\/p>\n<\/div>\n<p><!-- \/wp:column --><\/p>\n<\/div>\n<p><!-- \/wp:columns --><!-- wp:columns --><\/p>\n<div class=\"wp-block-columns\">\n<p><!-- wp:column {\"width\":\"33.33%\"} --><\/p>\n<div class=\"wp-block-column\" style=\"flex-basis: 33.33%;\">\n<p><!-- wp:image {\"sizeSlug\":\"large\",\"linkDestination\":\"none\"} --><\/p>\n<figure class=\"wp-block-image size-large\"><img decoding=\"async\" class=\"wp-image-2405 size-medium aligncenter\" src=\"https:\/\/pedraolar.com.br\/wp-content\/uploads\/2024\/08\/WhatsApp-Image-2024-08-10-at-13.53.53-247x300.jpeg\" alt=\"\" width=\"247\" height=\"300\" srcset=\"https:\/\/pedraolar.com.br\/wp-content\/uploads\/2024\/08\/WhatsApp-Image-2024-08-10-at-13.53.53-247x300.jpeg 247w, https:\/\/pedraolar.com.br\/wp-content\/uploads\/2024\/08\/WhatsApp-Image-2024-08-10-at-13.53.53-842x1024.jpeg 842w, https:\/\/pedraolar.com.br\/wp-content\/uploads\/2024\/08\/WhatsApp-Image-2024-08-10-at-13.53.53-768x933.jpeg 768w, https:\/\/pedraolar.com.br\/wp-content\/uploads\/2024\/08\/WhatsApp-Image-2024-08-10-at-13.53.53.jpeg 1179w\" sizes=\"(max-width: 247px) 100vw, 247px\" \/><\/figure>\n<p><!-- \/wp:image --><\/p>\n<\/div>\n<p><!-- \/wp:column --><!-- wp:column {\"width\":\"66.66%\"} --><\/p>\n<div class=\"wp-block-column\" style=\"flex-basis: 66.66%;\">\n<p><!-- wp:heading {\"textAlign\":\"right\"} --><\/p>\n<h2 class=\"wp-block-heading has-text-align-right\">CARD\u00c1PIO<\/h2>\n<p><!-- \/wp:heading --><!-- wp:paragraph --><\/p>\n<p>Nem s\u00f3 de estudo e gole vive o universit\u00e1rio, por isso o bar conta atualmente com um card\u00e1pio de por\u00e7\u00f5es e lanches variado, incluindo at\u00e9 op\u00e7\u00e3o vegetariana. Te garanto, prove e n\u00e3o se arrepender\u00e1!!\u00a0<br \/>E volta e meia o bar inova e faz coisas diferentes, como espetinho, cachorro quente, nachos, hamburguer na brasa, feijoada, rod\u00edzio de por\u00e7\u00e3o, pastel e at\u00e9 tapioca j\u00e1 servimos! E pra acompanhar essas del\u00edcias \u00e9 claro que n\u00e3o pode faltar uma cervejinha, chopp, drink, caipirinha e shots, muitos shots! Confira nosso card\u00e1pio aqui no site!<\/p>\n<p><!-- \/wp:paragraph --><\/p>\n<\/div>\n<p><!-- \/wp:column --><\/p>\n<\/div>\n<p><!-- \/wp:columns --><!-- wp:columns --><\/p>\n<div class=\"wp-block-columns\">\n<p><!-- wp:column {\"width\":\"66.66%\"} --><\/p>\n<div class=\"wp-block-column\" style=\"flex-basis: 66.66%;\">\n<p><!-- wp:heading --><\/p>\n<h2 class=\"wp-block-heading\">N\u00c3O \u00c9 N\u00c3O<\/h2>\n<p><!-- \/wp:heading --><!-- wp:paragraph --><\/p>\n<p>Um dos principais lemas do bar \u00e9 a frase <strong>\u201cN\u00e3o \u00e9 N\u00e3o\u201d<\/strong>, pois ela reflete algo que prezamos muito nesse lar: o respeito. Aqui todo mundo \u00e9 bem vindo, desde que <strong>\u201cN\u00e3o Seja Cuz\u00e3o\u201d!<\/strong><br \/>Ass\u00e9dio, intoler\u00e2ncia e preconceito n\u00e3o combinam com o ambiente e n\u00e3o ser\u00e3o tolerados. Caso se sinta desconfort\u00e1vel com qualquer situa\u00e7\u00e3o, por favor fale com um de nossos funcion\u00e1rios durante o evento ou use nosso canal de ouvidoria aqui no site. <br \/><br \/><\/p>\n<p><!-- \/wp:paragraph --><\/p>\n<\/div>\n<p><!-- \/wp:column --><!-- wp:column {\"width\":\"33.33%\"} --><\/p>\n<div class=\"wp-block-column\" style=\"flex-basis: 33.33%;\">\n<p><!-- wp:image {\"id\":1617,\"sizeSlug\":\"large\",\"linkDestination\":\"none\"} --><\/p>\n<figure class=\"wp-block-image size-large\"><img decoding=\"async\" class=\"wp-image-2401 size-full aligncenter\" src=\"https:\/\/pedraolar.com.br\/wp-content\/uploads\/2024\/08\/nao.jpg\" alt=\"\" width=\"225\" height=\"225\" srcset=\"https:\/\/pedraolar.com.br\/wp-content\/uploads\/2024\/08\/nao.jpg 225w, https:\/\/pedraolar.com.br\/wp-content\/uploads\/2024\/08\/nao-150x150.jpg 150w\" sizes=\"(max-width: 225px) 100vw, 225px\" \/><\/figure>\n<\/div>\n<\/div>\n<div class=\"wp-block-columns\">\n<div class=\"wp-block-column\" style=\"flex-basis: 33.33%;\">\n<figure class=\"wp-block-image size-large\"><\/figure>\n<p><!-- \/wp:image --><\/p>\n<\/div>\n<p><!-- \/wp:column --><!-- wp:column {\"width\":\"66.66%\"} --><\/p>\n<div class=\"wp-block-column\" style=\"flex-basis: 66.66%;\">\n<p><!-- wp:heading {\"textAlign\":\"right\"} --><\/p>\n<h2 class=\"wp-block-heading has-text-align-right\">\u00a0<\/h2>\n<p><!-- \/wp:heading --><!-- wp:paragraph --><\/p>\n<p>\u00a0<\/p>\n<p><!-- \/wp:paragraph --><\/p>\n<\/div>\n<p><!-- \/wp:column --><\/p>\n<\/div>\n<p><!-- \/wp:columns --><\/p>\t\t\t\t\t\t<\/div>\n\t\t\t\t<\/div>\n\t\t\t\t\t<\/div>\n\t\t\t\t<\/div>\n\t\t\t\t<\/div>\n\t\t","protected":false},"excerpt":{"rendered":"<p> [&hellip;]<\/p>\n","protected":false},"author":1,"featured_media":1617,"parent":0,"menu_order":0,"comment_status":"closed","ping_status":"closed","template":"","meta":{"footnotes":""},"class_list":["post-79","page","type-page","status-publish","has-post-thumbnail","hentry"],"_links":{"self":[{"href":"https:\/\/pedraolar.com.br\/index.php\/wp-json\/wp\/v2\/pages\/79","targetHints":{"allow":["GET"]}}],"collection":[{"href":"https:\/\/pedraolar.com.br\/index.php\/wp-json\/wp\/v2\/pages"}],"about":[{"href":"https:\/\/pedraolar.com.br\/index.php\/wp-json\/wp\/v2\/types\/page"}],"author":[{"embeddable":true,"href":"https:\/\/pedraolar.com.br\/index.php\/wp-json\/wp\/v2\/users\/1"}],"replies":[{"embeddable":true,"href":"https:\/\/pedraolar.com.br\/index.php\/wp-json\/wp\/v2\/comments?post=79"}],"version-history":[{"count":42,"href":"https:\/\/pedraolar.com.br\/index.php\/wp-json\/wp\/v2\/pages\/79\/revisions"}],"predecessor-version":[{"id":2481,"href":"https:\/\/pedraolar.com.br\/index.php\/wp-json\/wp\/v2\/pages\/79\/revisions\/2481"}],"wp:featuredmedia":[{"embeddable":true,"href":"https:\/\/pedraolar.com.br\/index.php\/wp-json\/wp\/v2\/media\/1617"}],"wp:attachment":[{"href":"https:\/\/pedraolar.com.br\/index.php\/wp-json\/wp\/v2\/media?parent=79"}],"curies":[{"name":"wp","href":"https:\/\/api.w.org\/{rel}","templated":true}]}}